{"id":5020312,"date":"2019-09-25T00:26:39","date_gmt":"2019-10-10T17:41:54","guid":{"rendered":"https:\/\/www.erdincyildiz.com\/product\/iphone-xr-color-edition-case-kalbsleder\/"},"modified":"2021-12-20T18:10:31","modified_gmt":"2021-12-20T15:10:31","slug":"iphone-xr-color-edition-case-kalbsleder","status":"publish","type":"product","link":"https:\/\/www.erdincyildiz.com\/de\/apple-de\/iphone-xr-color-edition-case-kalbsleder\/","title":{"rendered":"iPhone XR &#8211; Color Edition Case &#8211; Kalbsleder"},"content":{"rendered":"<ul>\n<li>Sowohl das innere als auch das \u00e4u\u00dfere ist aus feinstem Kalbsleder handgefertigt.<\/li>\n<li>Kein PU-Leder, kein Kunststoff, kein Plastik, kein TPU, kein Silikon, kein Blech, nur 100% echtes Material sowohl innen als auch au\u00dfen.\u200b<\/li>\n<li>Verdeckte Power- und Lautst\u00e4rketasten bieten erweiterten Schutz und schlichte Eleganz.<\/li>\n<li>Seine weiche und nat\u00fcrliche Struktur erm\u00f6glicht sogar ein schnelles kabelloses Aufladen, Mikrofon- und Lautsprecherausschnitte erh\u00f6hen die Lautst\u00e4rke.\u200b<\/li>\n<li>Mit Liebe zum Detail in feiner, eleganter, traditioneller Lederverarbeitung hergestellt, bietet es dem Apple iPhone den ultimativen Schutz vom Bildschirm bis zur Kamera.<\/li>\n<\/ul>\n","protected":false},"excerpt":{"rendered":"<p>Mit Liebe zum Detail in feiner, eleganter, traditioneller Lederverarbeitung hergestellt, bietet es dem Apple iPhone den ultimativen Schutz vom Bildschirm bis zur Kamera.<\/p>\n","protected":false},"featured_media":5019827,"template":"","meta":[],"product_brand":[],"product_cat":[102],"product_tag":[],"class_list":{"0":"post-5020312","1":"product","2":"type-product","3":"status-publish","4":"has-post-thumbnail","6":"product_cat-apple-de","8":"first","9":"instock","10":"shipping-taxable","11":"purchasable","12":"product-type-variable","13":"has-default-attributes"},"_links":{"self":[{"href":"https:\/\/www.erdincyildiz.com\/de\/wp-json\/wp\/v2\/product\/5020312","targetHints":{"allow":["GET"]}}],"collection":[{"href":"https:\/\/www.erdincyildiz.com\/de\/wp-json\/wp\/v2\/product"}],"about":[{"href":"https:\/\/www.erdincyildiz.com\/de\/wp-json\/wp\/v2\/types\/product"}],"wp:featuredmedia":[{"embeddable":true,"href":"https:\/\/www.erdincyildiz.com\/de\/wp-json\/wp\/v2\/media\/5019827"}],"wp:attachment":[{"href":"https:\/\/www.erdincyildiz.com\/de\/wp-json\/wp\/v2\/media?parent=5020312"}],"wp:term":[{"taxonomy":"product_brand","embeddable":true,"href":"https:\/\/www.erdincyildiz.com\/de\/wp-json\/wp\/v2\/product_brand?post=5020312"},{"taxonomy":"product_cat","embeddable":true,"href":"https:\/\/www.erdincyildiz.com\/de\/wp-json\/wp\/v2\/product_cat?post=5020312"},{"taxonomy":"product_tag","embeddable":true,"href":"https:\/\/www.erdincyildiz.com\/de\/wp-json\/wp\/v2\/product_tag?post=5020312"}],"curies":[{"name":"wp","href":"https:\/\/api.w.org\/{rel}","templated":true}]}}