{"id":5024983,"date":"2021-12-28T02:44:04","date_gmt":"2021-12-27T23:44:04","guid":{"rendered":"https:\/\/staging.erdincyildiz.com\/warranty-return-policy\/"},"modified":"2022-06-17T15:11:00","modified_gmt":"2022-06-17T12:11:00","slug":"garanti-ve-iade","status":"publish","type":"page","link":"https:\/\/www.erdincyildiz.com\/tr\/garanti-ve-iade\/","title":{"rendered":"Garanti ve iade"},"content":{"rendered":"\n\n\t<section class=\"section\" id=\"section_1705492009\">\n\t\t<div class=\"section-bg fill\" >\n\t\t\t\t\t\t\t\t\t\n\t\t\t\n\n\t\t<\/div>\n\n\t\t\n\n\t\t<div class=\"section-content relative\">\n\t\t\t\n\n<div class=\"row\"  id=\"row-1377699992\">\n\n\n\t<div id=\"col-1644290245\" class=\"col small-12 large-12\"  >\n\t\t\t\t<div class=\"col-inner\"  >\n\t\t\t\n\t\t\t\n\n<h1 style=\"text-align: center;\">GARANT\u0130 VE \u0130ADE<\/h1>\n<p class=\"font_8\">&nbsp; &nbsp; &nbsp; &nbsp; &nbsp; \u0130ade hakk\u0131n\u0131z sipari\u015fin teslim al\u0131nmas\u0131ndan itibaren 14 g\u00fcnd\u00fcr. Bu s\u00fcreden sonra size maalesef geri \u00f6deme veya de\u011fi\u015fim hakk\u0131 sunam\u0131yoruz. \u0130adeye tabi \u00fcr\u00fcnlerin kullan\u0131lmam\u0131\u015f ve teslim al\u0131nd\u0131\u011f\u0131 durumda olmas\u0131 gereklidir. Ayr\u0131ca orijinal ambalaj\u0131nda olmal\u0131d\u0131r. \u0130adenizi tamamlamak i\u00e7in bir makbuz veya sat\u0131n alma belgesi talep ediyoruz.<\/p>\n<p class=\"font_8\">&nbsp; &nbsp; &nbsp; &nbsp; &nbsp; Ki\u015fiye \u00f6zel sipari\u015fler, sipari\u015f verildikten sonra iptal veya iade edilemezler.<\/p>\n<p class=\"font_8\">&nbsp; &nbsp; &nbsp; &nbsp; &nbsp; \u0130adeniz al\u0131nd\u0131ktan ve incelendikten sonra, size iade edilen \u00fcr\u00fcn\u00fcn al\u0131nd\u0131\u011f\u0131na dair bir bilgilendirme postas\u0131 g\u00f6nderece\u011fiz. Ayr\u0131ca geri \u00f6demenizin onayland\u0131\u011f\u0131n\u0131 veya reddedildi\u011fini size bildirece\u011fiz \u0130adeniz onayland\u0131ktan sonra iade i\u015fleminiz ger\u00e7ekle\u015ftirilecek ve iade bedeli 5 i\u015f g\u00fcn\u00fc i\u00e7erisinde kredi kart\u0131n\u0131za veya orijinal \u00f6deme y\u00f6nteminize aktar\u0131lacakt\u0131r. \u0130ade durumunda ilgili \u015fehrin\/\u00fclkenin g\u00f6nderim \u00fccreti kesilecek ve \u00fcr\u00fcn bedeli iade edilecektir.<\/p>\n<p class=\"font_8\">&nbsp; &nbsp; &nbsp; &nbsp; &nbsp; \u0130\u015fleme ald\u0131\u011f\u0131m\u0131z bir geri \u00f6deme almad\u0131ysan\u0131z, bankan\u0131zla ileti\u015fime ge\u00e7in; geri \u00f6demenizin resmi olarak hesab\u0131n\u0131za aktar\u0131lmas\u0131 biraz zaman alabilir. Hala geri \u00f6demenizi almad\u0131ysan\u0131z, l\u00fctfen e-postan\u0131n konu sat\u0131r\u0131na sipari\u015f numaran\u0131z\u0131 belirterek <a href=\"https:\/\/www.erdincyildiz.com\/tr\/iletisim\/\" target=\"_blank\" rel=\"noopener\">buradan<\/a>&nbsp;bizimle ileti\u015fime ge\u00e7in.<\/p>\n<p class=\"font_8\">&nbsp; &nbsp; &nbsp; &nbsp; &nbsp; \u00dcr\u00fcn sat\u0131n al\u0131nd\u0131\u011f\u0131nda hediye olarak i\u015faretlenmi\u015fse ve do\u011frudan adresinize g\u00f6nderilmi\u015fse, iadenizin de\u011feri kadar bir hediye kredisi al\u0131rs\u0131n\u0131z. \u0130ade edilen \u00fcr\u00fcn taraf\u0131m\u0131za ula\u015ft\u0131\u011f\u0131nda, size bir hediye \u00e7eki g\u00f6nderece\u011fiz. \u00dcr\u00fcn sat\u0131n al\u0131nd\u0131\u011f\u0131nda hediye olarak i\u015faretlenmemi\u015fse veya \u00fcr\u00fcn hediye eden ki\u015finin kendi adresine g\u00f6nderilmi\u015fse, iade o ki\u015fiye yap\u0131lacakt\u0131r.<\/p>\n<p class=\"font_8\">&nbsp; &nbsp; &nbsp; &nbsp; &nbsp; Sat\u0131n al\u0131nan bir \u00fcr\u00fcn\u00fc iade etmek i\u00e7in g\u00f6nderim masraflar\u0131n\u0131 \u00fcstlenmeniz gerekecektir. G\u00f6nderim masraflar\u0131 iade edilmez. Geri \u00f6deme al\u0131rsan\u0131z, iade g\u00f6nderim \u00fccreti geri \u00f6demenizden d\u00fc\u015f\u00fclecektir.<\/p>\n<p class=\"font_8\">&nbsp; &nbsp; &nbsp; &nbsp; &nbsp; Bizimle ileti\u015fime ge\u00e7tikten sonra, iade g\u00f6nderim adresi taraf\u0131n\u0131za bildirilecektir. L\u00fctfen \u00fcr\u00fcn\u00fc takip edilebilir bir hizmet kullanarak g\u00f6nderin ve takip numaras\u0131n\u0131 <a href=\"https:\/\/www.erdincyildiz.com\/tr\/iletisim\/\" target=\"_blank\" rel=\"noopener\">buradan<\/a>&nbsp;e-posta konu sat\u0131r\u0131nda sipari\u015f numaran\u0131z\u0131 belirterek g\u00f6nderin. \u0130ade veya de\u011fi\u015fim i\u00e7in ge\u00e7en s\u00fcre ya\u015fad\u0131\u011f\u0131n\u0131z yere ba\u011fl\u0131 olarak de\u011fi\u015fiklik g\u00f6sterebilir.<\/p>\n<p style=\"text-align: left;\">&nbsp; &nbsp; &nbsp; &nbsp; &nbsp;<\/p>\n\n\t\t<\/div>\n\t\t\t\t\t<\/div>\n\n\t\n\n<\/div>\n\n\t\t<\/div>\n\n\t\t\n<style>\n#section_1705492009 {\n  padding-top: 30px;\n  padding-bottom: 30px;\n}\n<\/style>\n\t<\/section>\n\t\n","protected":false},"excerpt":{"rendered":"","protected":false},"author":1,"featured_media":0,"parent":0,"menu_order":0,"comment_status":"closed","ping_status":"closed","template":"","meta":{"footnotes":""},"class_list":["post-5024983","page","type-page","status-publish","hentry"],"_links":{"self":[{"href":"https:\/\/www.erdincyildiz.com\/tr\/wp-json\/wp\/v2\/pages\/5024983","targetHints":{"allow":["GET"]}}],"collection":[{"href":"https:\/\/www.erdincyildiz.com\/tr\/wp-json\/wp\/v2\/pages"}],"about":[{"href":"https:\/\/www.erdincyildiz.com\/tr\/wp-json\/wp\/v2\/types\/page"}],"author":[{"embeddable":true,"href":"https:\/\/www.erdincyildiz.com\/tr\/wp-json\/wp\/v2\/users\/1"}],"replies":[{"embeddable":true,"href":"https:\/\/www.erdincyildiz.com\/tr\/wp-json\/wp\/v2\/comments?post=5024983"}],"version-history":[{"count":0,"href":"https:\/\/www.erdincyildiz.com\/tr\/wp-json\/wp\/v2\/pages\/5024983\/revisions"}],"wp:attachment":[{"href":"https:\/\/www.erdincyildiz.com\/tr\/wp-json\/wp\/v2\/media?parent=5024983"}],"curies":[{"name":"wp","href":"https:\/\/api.w.org\/{rel}","templated":true}]}}