{"id":5020624,"date":"2019-09-25T00:26:39","date_gmt":"2019-10-10T21:43:53","guid":{"rendered":"https:\/\/www.erdincyildiz.com\/product\/iphone-xr-color-serisi-kilif-dana-derisi\/"},"modified":"2021-12-20T18:14:21","modified_gmt":"2021-12-20T15:14:21","slug":"iphone-xr-color-serisi-kilif-dana-derisi","status":"publish","type":"product","link":"https:\/\/www.erdincyildiz.com\/tr\/apple-tr\/iphone-xr-color-serisi-kilif-dana-derisi\/","title":{"rendered":"iPhone XR &#8211; Color Serisi K\u0131l\u0131f &#8211; Dana Derisi"},"content":{"rendered":"<ul>\n<li>Hakiki dana derisidir.<\/li>\n<li>Hi\u00e7bir bile\u015feninde suni deri, sentetik madde, silikon, teneke, plastik ve t\u00fcrevleri kullan\u0131lmam\u0131\u015ft\u0131r.<\/li>\n<li>Gizlenmi\u015f g\u00fc\u00e7 ve ses tu\u015flar\u0131, \u00fcst d\u00fczey koruma ve sade bir \u015f\u0131kl\u0131k sunar.\u200b<\/li>\n<li>Yumu\u015fak ve do\u011fal yap\u0131s\u0131ndan dolay\u0131 kablosuz h\u0131zl\u0131 \u015farj deste\u011fi sa\u011flarken, mikrofon ve hoparl\u00f6r kesmeleri ses kalite ve seviyesine ilave katk\u0131 sa\u011flar.<\/li>\n<li>\u0130nceli\u011fe, zarafete ve geleneksel dericilik i\u015flemecili\u011finin detaylar\u0131na g\u00f6sterilen \u00f6zenli \u00fcretimi, Apple iPhone&#8217;a ekrandan kameraya en \u00fcst d\u00fczeyde koruma sa\u011flar.<\/li>\n<\/ul>\n","protected":false},"excerpt":{"rendered":"<p>\u0130nceli\u011fe, zarafete ve geleneksel dericilik i\u015flemecili\u011finin detaylar\u0131na g\u00f6sterilen \u00f6zenli \u00fcretimi, Apple iPhone&#8217;a ekrandan kameraya en \u00fcst d\u00fczeyde koruma sa\u011flar.<\/p>\n","protected":false},"featured_media":5019870,"template":"","meta":[],"product_brand":[],"product_cat":[124],"product_tag":[],"class_list":{"0":"post-5020624","1":"product","2":"type-product","3":"status-publish","4":"has-post-thumbnail","6":"product_cat-apple-tr","8":"first","9":"instock","10":"shipping-taxable","11":"purchasable","12":"product-type-variable","13":"has-default-attributes"},"_links":{"self":[{"href":"https:\/\/www.erdincyildiz.com\/tr\/wp-json\/wp\/v2\/product\/5020624","targetHints":{"allow":["GET"]}}],"collection":[{"href":"https:\/\/www.erdincyildiz.com\/tr\/wp-json\/wp\/v2\/product"}],"about":[{"href":"https:\/\/www.erdincyildiz.com\/tr\/wp-json\/wp\/v2\/types\/product"}],"wp:featuredmedia":[{"embeddable":true,"href":"https:\/\/www.erdincyildiz.com\/tr\/wp-json\/wp\/v2\/media\/5019870"}],"wp:attachment":[{"href":"https:\/\/www.erdincyildiz.com\/tr\/wp-json\/wp\/v2\/media?parent=5020624"}],"wp:term":[{"taxonomy":"product_brand","embeddable":true,"href":"https:\/\/www.erdincyildiz.com\/tr\/wp-json\/wp\/v2\/product_brand?post=5020624"},{"taxonomy":"product_cat","embeddable":true,"href":"https:\/\/www.erdincyildiz.com\/tr\/wp-json\/wp\/v2\/product_cat?post=5020624"},{"taxonomy":"product_tag","embeddable":true,"href":"https:\/\/www.erdincyildiz.com\/tr\/wp-json\/wp\/v2\/product_tag?post=5020624"}],"curies":[{"name":"wp","href":"https:\/\/api.w.org\/{rel}","templated":true}]}}