{"id":5023842,"date":"2021-10-10T23:46:09","date_gmt":"2021-10-12T20:49:51","guid":{"rendered":"https:\/\/www.erdincyildiz.com\/?post_type=product&#038;p=5023842"},"modified":"2021-12-27T22:00:51","modified_gmt":"2021-12-27T19:00:51","slug":"iphone-deri-kilif-kartlik","status":"publish","type":"product","link":"https:\/\/www.erdincyildiz.com\/tr\/apple-tr\/iphone-deri-kilif-kartlik\/","title":{"rendered":"iPhone Deri K\u0131l\u0131f Kartl\u0131k"},"content":{"rendered":"<ul>\n<li>3-4 g\u00fcn i\u00e7inde g\u00f6nderim<\/li>\n<li style=\"text-align: left;\">Hakiki deri<\/li>\n<li style=\"text-align: left;\">El yap\u0131m\u0131<\/li>\n<li style=\"text-align: left;\">1 kart i\u00e7in kartl\u0131k<\/li>\n<li style=\"text-align: left;\">Kablosuz \u015farj uyumlu<\/li>\n<li style=\"text-align: left;\">iPhone&#8217;u \u00e7izilmelere ve d\u00fc\u015fmelere kar\u015f\u0131 koruma<\/li>\n<li>\u0130\u00e7i hakiki deri, iPhone 12\/13 modelleri hari\u00e7<\/li>\n<\/ul>\n","protected":false},"excerpt":{"rendered":"<ul>\n<li>3-4 g\u00fcn i\u00e7inde g\u00f6nderim<\/li>\n<li>Hakiki deri<\/li>\n<li>El yap\u0131m\u0131<\/li>\n<li>1 kart i\u00e7in kartl\u0131k<\/li>\n<li>Kablosuz \u015farj uyumlu<\/li>\n<li>iPhone&#8217;u \u00e7izilmelere ve d\u00fc\u015fmelere kar\u015f\u0131 koruma<\/li>\n<li>\u0130\u00e7i hakiki deri, iPhone 12\/13 modelleri hari\u00e7<\/li>\n<\/ul>\n","protected":false},"featured_media":5023814,"template":"","meta":[],"product_brand":[],"product_cat":[124],"product_tag":[],"class_list":{"0":"post-5023842","1":"product","2":"type-product","3":"status-publish","4":"has-post-thumbnail","6":"product_cat-apple-tr","8":"first","9":"instock","10":"shipping-taxable","11":"purchasable","12":"product-type-variable","13":"has-default-attributes"},"_links":{"self":[{"href":"https:\/\/www.erdincyildiz.com\/tr\/wp-json\/wp\/v2\/product\/5023842","targetHints":{"allow":["GET"]}}],"collection":[{"href":"https:\/\/www.erdincyildiz.com\/tr\/wp-json\/wp\/v2\/product"}],"about":[{"href":"https:\/\/www.erdincyildiz.com\/tr\/wp-json\/wp\/v2\/types\/product"}],"wp:featuredmedia":[{"embeddable":true,"href":"https:\/\/www.erdincyildiz.com\/tr\/wp-json\/wp\/v2\/media\/5023814"}],"wp:attachment":[{"href":"https:\/\/www.erdincyildiz.com\/tr\/wp-json\/wp\/v2\/media?parent=5023842"}],"wp:term":[{"taxonomy":"product_brand","embeddable":true,"href":"https:\/\/www.erdincyildiz.com\/tr\/wp-json\/wp\/v2\/product_brand?post=5023842"},{"taxonomy":"product_cat","embeddable":true,"href":"https:\/\/www.erdincyildiz.com\/tr\/wp-json\/wp\/v2\/product_cat?post=5023842"},{"taxonomy":"product_tag","embeddable":true,"href":"https:\/\/www.erdincyildiz.com\/tr\/wp-json\/wp\/v2\/product_tag?post=5023842"}],"curies":[{"name":"wp","href":"https:\/\/api.w.org\/{rel}","templated":true}]}}