{"id":5024152,"date":"2021-12-07T12:47:04","date_gmt":"2021-12-07T09:49:49","guid":{"rendered":"https:\/\/www.erdincyildiz.com\/?post_type=product&#038;p=5024152"},"modified":"2023-05-01T00:39:32","modified_gmt":"2023-04-30T21:39:32","slug":"deri-cuzdan-deluks","status":"publish","type":"product","link":"https:\/\/www.erdincyildiz.com\/tr\/apple-tr\/deri-cuzdan-deluks\/","title":{"rendered":"DER\u0130 C\u00dcZDAN DEL\u00dcKS"},"content":{"rendered":"<ul>\n<li>3-4 g\u00fcn i\u00e7inde g\u00f6nderim<\/li>\n<li>Hakiki deri<\/li>\n<li>El yap\u0131m\u0131<\/li>\n<li>7 in\u00e7 ekran boyutuna kadar uyumlu<\/li>\n<\/ul>\n","protected":false},"excerpt":{"rendered":"<ul>\n<li>3-4 g\u00fcn i\u00e7inde g\u00f6nderim<\/li>\n<li>Hakiki deri<\/li>\n<li>El yap\u0131m\u0131<\/li>\n<li>7 in\u00e7 ekran boyutuna kadar uyumlu<\/li>\n<\/ul>\n","protected":false},"featured_media":5024122,"template":"","meta":[],"product_brand":[],"product_cat":[124,348,350,352],"product_tag":[],"class_list":{"0":"post-5024152","1":"product","2":"type-product","3":"status-publish","4":"has-post-thumbnail","6":"product_cat-apple-tr","7":"product_cat-huawei-tr","8":"product_cat-samsung-tr","9":"product_cat-xiaomi-tr","11":"first","12":"instock","13":"shipping-taxable","14":"purchasable","15":"product-type-variable","16":"has-default-attributes"},"_links":{"self":[{"href":"https:\/\/www.erdincyildiz.com\/tr\/wp-json\/wp\/v2\/product\/5024152","targetHints":{"allow":["GET"]}}],"collection":[{"href":"https:\/\/www.erdincyildiz.com\/tr\/wp-json\/wp\/v2\/product"}],"about":[{"href":"https:\/\/www.erdincyildiz.com\/tr\/wp-json\/wp\/v2\/types\/product"}],"wp:featuredmedia":[{"embeddable":true,"href":"https:\/\/www.erdincyildiz.com\/tr\/wp-json\/wp\/v2\/media\/5024122"}],"wp:attachment":[{"href":"https:\/\/www.erdincyildiz.com\/tr\/wp-json\/wp\/v2\/media?parent=5024152"}],"wp:term":[{"taxonomy":"product_brand","embeddable":true,"href":"https:\/\/www.erdincyildiz.com\/tr\/wp-json\/wp\/v2\/product_brand?post=5024152"},{"taxonomy":"product_cat","embeddable":true,"href":"https:\/\/www.erdincyildiz.com\/tr\/wp-json\/wp\/v2\/product_cat?post=5024152"},{"taxonomy":"product_tag","embeddable":true,"href":"https:\/\/www.erdincyildiz.com\/tr\/wp-json\/wp\/v2\/product_tag?post=5024152"}],"curies":[{"name":"wp","href":"https:\/\/api.w.org\/{rel}","templated":true}]}}