{"id":5024162,"date":"2021-12-07T22:32:25","date_gmt":"2021-12-07T19:32:25","guid":{"rendered":"https:\/\/www.erdincyildiz.com\/shop\/deri-telefon-kesesi\/"},"modified":"2025-11-13T11:55:29","modified_gmt":"2025-11-13T08:55:29","slug":"deri-telefon-kesesi","status":"publish","type":"product","link":"https:\/\/www.erdincyildiz.com\/tr\/apple-tr\/deri-telefon-kesesi\/","title":{"rendered":"DER\u0130 TELEFON KESES\u0130"},"content":{"rendered":"<ul>\n<li>Hakiki deri<\/li>\n<li>El yap\u0131m\u0131<\/li>\n<li>Telefonu \u00e7izilmelere ve d\u00fc\u015fmelere kar\u015f\u0131 koruma<\/li>\n<li>T\u00fcm marka ve modellerle uyumludur<\/li>\n<\/ul>\n","protected":false},"excerpt":{"rendered":"<ul>\n<li>Hakiki deri<\/li>\n<li>El yap\u0131m\u0131<\/li>\n<li>Telefonu \u00e7izilmelere ve d\u00fc\u015fmelere kar\u015f\u0131 koruma<\/li>\n<li>T\u00fcm marka ve modellerle uyumludur<\/li>\n<\/ul>\n","protected":false},"featured_media":5024119,"template":"","meta":[],"product_brand":[],"product_cat":[124,348,350,352],"product_tag":[],"class_list":{"0":"post-5024162","1":"product","2":"type-product","3":"status-publish","4":"has-post-thumbnail","6":"product_cat-apple-tr","7":"product_cat-huawei-tr","8":"product_cat-samsung-tr","9":"product_cat-xiaomi-tr","11":"first","12":"instock","13":"shipping-taxable","14":"purchasable","15":"product-type-variable","16":"has-default-attributes"},"_links":{"self":[{"href":"https:\/\/www.erdincyildiz.com\/tr\/wp-json\/wp\/v2\/product\/5024162","targetHints":{"allow":["GET"]}}],"collection":[{"href":"https:\/\/www.erdincyildiz.com\/tr\/wp-json\/wp\/v2\/product"}],"about":[{"href":"https:\/\/www.erdincyildiz.com\/tr\/wp-json\/wp\/v2\/types\/product"}],"wp:featuredmedia":[{"embeddable":true,"href":"https:\/\/www.erdincyildiz.com\/tr\/wp-json\/wp\/v2\/media\/5024119"}],"wp:attachment":[{"href":"https:\/\/www.erdincyildiz.com\/tr\/wp-json\/wp\/v2\/media?parent=5024162"}],"wp:term":[{"taxonomy":"product_brand","embeddable":true,"href":"https:\/\/www.erdincyildiz.com\/tr\/wp-json\/wp\/v2\/product_brand?post=5024162"},{"taxonomy":"product_cat","embeddable":true,"href":"https:\/\/www.erdincyildiz.com\/tr\/wp-json\/wp\/v2\/product_cat?post=5024162"},{"taxonomy":"product_tag","embeddable":true,"href":"https:\/\/www.erdincyildiz.com\/tr\/wp-json\/wp\/v2\/product_tag?post=5024162"}],"curies":[{"name":"wp","href":"https:\/\/api.w.org\/{rel}","templated":true}]}}